{"id":30,"date":"2023-11-28T15:58:32","date_gmt":"2023-11-28T14:58:32","guid":{"rendered":"https:\/\/lejournaldesandy.fr\/?page_id=30"},"modified":"2026-04-06T21:31:58","modified_gmt":"2026-04-06T19:31:58","slug":"au-fil-de-mes-pensees","status":"publish","type":"page","link":"https:\/\/lejournaldesandy.fr\/?page_id=30","title":{"rendered":"Au fil de mes pens\u00e9es"},"content":{"rendered":"\n<div style=\"height:100px\" aria-hidden=\"true\" class=\"wp-block-spacer\"><\/div>\n\n\n<div class=\"wp-block-image\">\n<figure class=\"aligncenter size-full\"><img data-recalc-dims=\"1\" loading=\"lazy\" decoding=\"async\" width=\"593\" height=\"107\" src=\"https:\/\/i0.wp.com\/lejournaldesandy.fr\/wp-content\/uploads\/2024\/02\/trait-deco1.2.png?resize=593%2C107&#038;ssl=1\" alt=\"\" class=\"wp-image-1960\" srcset=\"https:\/\/i0.wp.com\/lejournaldesandy.fr\/wp-content\/uploads\/2024\/02\/trait-deco1.2.png?w=593&amp;ssl=1 593w, https:\/\/i0.wp.com\/lejournaldesandy.fr\/wp-content\/uploads\/2024\/02\/trait-deco1.2.png?resize=300%2C54&amp;ssl=1 300w\" sizes=\"auto, (max-width: 593px) 100vw, 593px\" \/><\/figure>\n<\/div>\n\n\n<div style=\"height:100px\" aria-hidden=\"true\" class=\"wp-block-spacer\"><\/div>\n\n\n<div style=\"background-color: #ffd7fb; border-radius: 20px; padding: 30px; margin: 20px 0; line-height: 1.6;\">\n\n    <p>\n        <span style=\"font-size: 24px; color: #AD05F2; font-family: -apple-system, BlinkMacSystemFont, 'Segoe UI', Roboto, Helvetica, Arial, sans-serif;\">\n            Sur cette page d\u00e9di\u00e9e \u00e0 mes \u00e9motions, je souhaite partager avec vous un aper\u00e7u des profondeurs de mes pens\u00e9es. C&rsquo;est un espace o\u00f9 je me livre avec authenticit\u00e9, o\u00f9 mes sentiments prennent vie et o\u00f9 mes pens\u00e9es prennent forme. Au fil des lignes, vous d\u00e9couvrirez mes joies, mes peines, mes doutes et mes espoirs les plus intimes. C&rsquo;est un voyage int\u00e9rieur o\u00f9 chaque mot est choisi avec soin pour capturer l&rsquo;essence m\u00eame de ce que je ressens. J&rsquo;esp\u00e8re que cette plong\u00e9e dans mon monde \u00e9motionnel vous touchera et vous incitera \u00e0 r\u00e9fl\u00e9chir sur vos propres exp\u00e9riences et \u00e9motions.\n        <\/span>\n    <\/p>\n    \n    <p style=\"margin-top: 20px;\">\n        <span style=\"font-size: 30px; color: #AD05F2; font-family: -apple-system, BlinkMacSystemFont, 'Segoe UI', Roboto, Helvetica, Arial, sans-serif; font-weight: bold;\">\n            Sandy  \ud83d\udc95\ud83d\udc95\n        <\/span>\n    <\/p>\n    <\/div>\n\n\n<div style=\"height:100px\" aria-hidden=\"true\" class=\"wp-block-spacer\"><\/div>\n\n\n<div class=\"wp-block-image\">\n<figure class=\"aligncenter size-full\"><img data-recalc-dims=\"1\" loading=\"lazy\" decoding=\"async\" width=\"593\" height=\"107\" src=\"https:\/\/i0.wp.com\/lejournaldesandy.fr\/wp-content\/uploads\/2024\/02\/trait-deco1.4.png?resize=593%2C107&#038;ssl=1\" alt=\"\" class=\"wp-image-1966\" srcset=\"https:\/\/i0.wp.com\/lejournaldesandy.fr\/wp-content\/uploads\/2024\/02\/trait-deco1.4.png?w=593&amp;ssl=1 593w, https:\/\/i0.wp.com\/lejournaldesandy.fr\/wp-content\/uploads\/2024\/02\/trait-deco1.4.png?resize=300%2C54&amp;ssl=1 300w\" sizes=\"auto, (max-width: 593px) 100vw, 593px\" \/><\/figure>\n<\/div>\n\n\n<div style=\"height:100px\" aria-hidden=\"true\" class=\"wp-block-spacer\"><\/div>\n\n\n<div class=\"wp-block-image\">\n<figure class=\"aligncenter size-full\"><a href=\"https:\/\/lejournaldesandy.fr\/\"><img data-recalc-dims=\"1\" loading=\"lazy\" decoding=\"async\" width=\"170\" height=\"170\" src=\"https:\/\/i0.wp.com\/lejournaldesandy.fr\/wp-content\/uploads\/2024\/02\/logo-170x170-1.png?resize=170%2C170&#038;ssl=1\" alt=\"\" class=\"wp-image-1056\" srcset=\"https:\/\/i0.wp.com\/lejournaldesandy.fr\/wp-content\/uploads\/2024\/02\/logo-170x170-1.png?w=170&amp;ssl=1 170w, https:\/\/i0.wp.com\/lejournaldesandy.fr\/wp-content\/uploads\/2024\/02\/logo-170x170-1.png?resize=150%2C150&amp;ssl=1 150w\" sizes=\"auto, (max-width: 170px) 100vw, 170px\" \/><\/a><\/figure>\n<\/div>\n\n\n<div style=\"height:100px\" aria-hidden=\"true\" class=\"wp-block-spacer\"><\/div>\n\n\n<div style=\"background-color: #ffd7fb; border-radius: 20px; padding: 20px; margin: 20px 0;\">\n\n    <div class=\"wp-block-buttons alignwide\" style=\"justify-content: center; display: flex; gap: 12px; flex-wrap: wrap;\">\n        \n        <div class=\"wp-block-button is-style-outline\">\n            <a class=\"wp-block-button__link wp-element-button\" href=\"https:\/\/lejournaldesandy.fr\/?page_id=947\" style=\"min-width: 160px; text-align: center;\">Citations diverses<\/a>\n        <\/div>\n        <div class=\"wp-block-button is-style-outline\">\n            <a class=\"wp-block-button__link wp-element-button\" href=\"https:\/\/lejournaldesandy.fr\/?page_id=208\" style=\"min-width: 80px; text-align: center;\">2023<\/a>\n        <\/div>\n        <div class=\"wp-block-button is-style-outline\">\n            <a class=\"wp-block-button__link wp-element-button\" href=\"https:\/\/lejournaldesandy.fr\/?page_id=623\" style=\"min-width: 80px; text-align: center;\">2024<\/a>\n        <\/div>\n        <div class=\"wp-block-button is-style-outline\">\n            <a class=\"wp-block-button__link wp-element-button\" style=\"min-width: 80px; text-align: center;\">2025<\/a>\n        <\/div>\n        <div class=\"wp-block-button is-style-outline\">\n            <a class=\"wp-block-button__link wp-element-button\" href=\"https:\/\/lejournaldesandy.fr\/?page_id=3104\" style=\"min-width: 80px; text-align: center;\">2026<\/a>\n        <\/div>\n        <\/div>\n    <\/div>\n\n<div style=\"height:100px\" aria-hidden=\"true\" class=\"wp-block-spacer\"><\/div>\n\n\n<p><iframe loading=\"lazy\" src=\"https:\/\/calendar.google.com\/calendar\/embed?height=600&#038;wkst=2&#038;ctz=UTC&#038;bgcolor=%23B39DDB&#038;showTitle=0&#038;showPrint=0&#038;showTabs=0&#038;showCalendars=0&#038;showTz=0&#038;src=YWZmMDdjZmU2YWQ4ZTU2Zjc5ZWI5MzljNzVkYTkwZjY3MmMyNGMyYzM1NGY0ZTgxN2NiZGVjMTQyYjhlYjk5OEBncm91cC5jYWxlbmRhci5nb29nbGUuY29t&#038;color=%239E69AF\" style=\"border-width:0\" width=\"1200\" height=\"600\" frameborder=\"0\" scrolling=\"no\"><\/iframe><\/p>\n\n<style id=\"wpforms-css-vars-1680-block-9e3f0f19-6b51-4f15-bbaf-f879bb4ab4b0\">\n\t\t\t\t#wpforms-1680.wpforms-block-9e3f0f19-6b51-4f15-bbaf-f879bb4ab4b0 {\n\t\t\t\t--wpforms-field-size-input-height: 43px;\n--wpforms-field-size-input-spacing: 15px;\n--wpforms-field-size-font-size: 16px;\n--wpforms-field-size-line-height: 19px;\n--wpforms-field-size-padding-h: 14px;\n--wpforms-field-size-checkbox-size: 16px;\n--wpforms-field-size-sublabel-spacing: 5px;\n--wpforms-field-size-icon-size: 1;\n--wpforms-label-size-font-size: 16px;\n--wpforms-label-size-line-height: 19px;\n--wpforms-label-size-sublabel-font-size: 14px;\n--wpforms-label-size-sublabel-line-height: 17px;\n--wpforms-button-size-font-size: 17px;\n--wpforms-button-size-height: 41px;\n--wpforms-button-size-padding-h: 15px;\n--wpforms-button-size-margin-top: 10px;\n\t\t\t}\n\t\t\t<\/style><div class=\"wpforms-container wpforms-container-full wpforms-block wpforms-block-9e3f0f19-6b51-4f15-bbaf-f879bb4ab4b0 wpforms-render-modern\" id=\"wpforms-1680\"><form id=\"wpforms-form-1680\" class=\"wpforms-validate wpforms-form wpforms-ajax-form\" data-formid=\"1680\" method=\"post\" enctype=\"multipart\/form-data\" action=\"\/index.php?rest_route=%2Fwp%2Fv2%2Fpages%2F30\" data-token=\"e67ff2a1474d1f9e45ed005ff24155cd\" data-token-time=\"1777298840\"><noscript class=\"wpforms-error-noscript\">Veuillez activer JavaScript dans votre navigateur pour remplir ce formulaire.<\/noscript><div id=\"wpforms-error-noscript\" style=\"display: none;\">Veuillez activer JavaScript dans votre navigateur pour remplir ce formulaire.<\/div><div class=\"wpforms-field-container\"><div id=\"wpforms-1680-field_0-container\" class=\"wpforms-field wpforms-field-name body font-family comic sans ms\" data-field-id=\"0\"><fieldset><legend class=\"wpforms-field-label\">Pr\u00e9nom et nom<\/legend><div class=\"wpforms-field-row wpforms-field-medium\"><div class=\"wpforms-field-row-block wpforms-first wpforms-one-half\"><input type=\"text\" id=\"wpforms-1680-field_0\" class=\"wpforms-field-name-first\" name=\"wpforms[fields][0][first]\" aria-errormessage=\"wpforms-1680-field_0-error\" ><label for=\"wpforms-1680-field_0\" class=\"wpforms-field-sublabel after\">Pr\u00e9nom<\/label><\/div><div class=\"wpforms-field-row-block wpforms-one-half\"><input type=\"text\" id=\"wpforms-1680-field_0-last\" class=\"wpforms-field-name-last\" name=\"wpforms[fields][0][last]\" aria-errormessage=\"wpforms-1680-field_0-last-error\" ><label for=\"wpforms-1680-field_0-last\" class=\"wpforms-field-sublabel after\">Nom<\/label><\/div><\/div><\/fieldset><\/div><div id=\"wpforms-1680-field_4-container\" class=\"wpforms-field wpforms-field-text\" data-field-id=\"4\"><label class=\"wpforms-field-label\" for=\"wpforms-1680-field_4\">Pseudo<\/label><input type=\"text\" id=\"wpforms-1680-field_4\" class=\"wpforms-field-medium\" name=\"wpforms[fields][4]\" aria-errormessage=\"wpforms-1680-field_4-error\" ><\/div><div id=\"wpforms-1680-field_1-container\" class=\"wpforms-field wpforms-field-email body font-family comic sans ms\" data-field-id=\"1\"><label class=\"wpforms-field-label\" for=\"wpforms-1680-field_1\">Email <span class=\"wpforms-required-label\" aria-hidden=\"true\">*<\/span><\/label><input type=\"email\" id=\"wpforms-1680-field_1\" class=\"wpforms-field-medium wpforms-field-required\" name=\"wpforms[fields][1]\" spellcheck=\"false\" aria-errormessage=\"wpforms-1680-field_1-error\" required><\/div><div id=\"wpforms-1680-field_2-container\" class=\"wpforms-field wpforms-field-textarea body font-family comic sans ms\" data-field-id=\"2\"><label class=\"wpforms-field-label\" for=\"wpforms-1680-field_2\">Commentaire ou Message <span class=\"wpforms-required-label\" aria-hidden=\"true\">*<\/span><\/label><textarea id=\"wpforms-1680-field_2\" class=\"wpforms-field-medium wpforms-field-required\" name=\"wpforms[fields][2]\" aria-errormessage=\"wpforms-1680-field_2-error\" required><\/textarea><\/div><\/div><!-- .wpforms-field-container --><div class=\"wpforms-submit-container\" ><input type=\"hidden\" name=\"wpforms[id]\" value=\"1680\"><input type=\"hidden\" name=\"page_title\" value=\"\"><input type=\"hidden\" name=\"page_url\" value=\"https:\/\/lejournaldesandy.fr\/index.php?rest_route=\/wp\/v2\/pages\/30\"><input type=\"hidden\" name=\"url_referer\" value=\"\"><button type=\"submit\" name=\"wpforms[submit]\" id=\"wpforms-submit-1680\" class=\"wpforms-submit\" data-alt-text=\"Sending...\" data-submit-text=\"envoyer\" aria-live=\"assertive\" value=\"wpforms-submit\">envoyer<\/button><img loading=\"lazy\" decoding=\"async\" src=\"https:\/\/lejournaldesandy.fr\/wp-content\/plugins\/wpforms-lite\/assets\/images\/submit-spin.svg\" class=\"wpforms-submit-spinner\" style=\"display: none;\" width=\"26\" height=\"26\" alt=\"Chargement en cours\"><\/div><\/form><\/div>  <!-- .wpforms-container -->","protected":false},"excerpt":{"rendered":"<p>Sur cette page d\u00e9di\u00e9e \u00e0 mes \u00e9motions, je souhaite partager avec vous un aper\u00e7u des profondeurs de mes pens\u00e9es. C&rsquo;est un espace o\u00f9 je me livre avec authenticit\u00e9, o\u00f9 mes sentiments prennent vie et o\u00f9 mes pens\u00e9es prennent forme. Au fil des lignes, vous d\u00e9couvrirez mes joies, mes peines, mes doutes et mes espoirs les&hellip; <br \/> <a class=\"read-more\" href=\"https:\/\/lejournaldesandy.fr\/?page_id=30\">Lire la suite<\/a><\/p>\n","protected":false},"author":1,"featured_media":0,"parent":0,"menu_order":8,"comment_status":"closed","ping_status":"closed","template":"","meta":{"_crdt_document":"","footnotes":""},"class_list":["post-30","page","type-page","status-publish","hentry"],"yoast_head":"<!-- This site is optimized with the Yoast SEO plugin v27.4 - https:\/\/yoast.com\/product\/yoast-seo-wordpress\/ -->\n<title>Au fil de mes pens\u00e9es - le journal de Sandy<\/title>\n<meta name=\"description\" content=\"Sur cette page d\u00e9di\u00e9e \u00e0 mes \u00e9motions, je souhaite partager avec vous un aper\u00e7u des profondeurs de mes pens\u00e9es.\" \/>\n<meta name=\"robots\" content=\"index, follow, max-snippet:-1, max-image-preview:large, max-video-preview:-1\" \/>\n<link rel=\"canonical\" href=\"https:\/\/lejournaldesandy.fr\/?page_id=30\" \/>\n<meta property=\"og:locale\" content=\"fr_FR\" \/>\n<meta property=\"og:type\" content=\"article\" \/>\n<meta property=\"og:title\" content=\"Au fil de mes pens\u00e9es - le journal de Sandy\" \/>\n<meta property=\"og:description\" content=\"Sur cette page d\u00e9di\u00e9e \u00e0 mes \u00e9motions, je souhaite partager avec vous un aper\u00e7u des profondeurs de mes pens\u00e9es.\" \/>\n<meta property=\"og:url\" content=\"https:\/\/lejournaldesandy.fr\/?page_id=30\" \/>\n<meta property=\"og:site_name\" content=\"le journal de Sandy\" \/>\n<meta property=\"article:modified_time\" content=\"2026-04-06T19:31:58+00:00\" \/>\n<meta property=\"og:image\" content=\"https:\/\/lejournaldesandy.fr\/wp-content\/uploads\/2024\/02\/trait-deco1.2.png\" \/>\n<meta name=\"twitter:card\" content=\"summary_large_image\" \/>\n<meta name=\"twitter:label1\" content=\"Dur\u00e9e de lecture estim\u00e9e\" \/>\n\t<meta name=\"twitter:data1\" content=\"2 minutes\" \/>\n<script type=\"application\/ld+json\" class=\"yoast-schema-graph\">{\"@context\":\"https:\\\/\\\/schema.org\",\"@graph\":[{\"@type\":\"WebPage\",\"@id\":\"https:\\\/\\\/lejournaldesandy.fr\\\/?page_id=30\",\"url\":\"https:\\\/\\\/lejournaldesandy.fr\\\/?page_id=30\",\"name\":\"Au fil de mes pens\u00e9es - le journal de Sandy\",\"isPartOf\":{\"@id\":\"https:\\\/\\\/lejournaldesandy.fr\\\/#website\"},\"primaryImageOfPage\":{\"@id\":\"https:\\\/\\\/lejournaldesandy.fr\\\/?page_id=30#primaryimage\"},\"image\":{\"@id\":\"https:\\\/\\\/lejournaldesandy.fr\\\/?page_id=30#primaryimage\"},\"thumbnailUrl\":\"https:\\\/\\\/lejournaldesandy.fr\\\/wp-content\\\/uploads\\\/2024\\\/02\\\/trait-deco1.2.png\",\"datePublished\":\"2023-11-28T14:58:32+00:00\",\"dateModified\":\"2026-04-06T19:31:58+00:00\",\"description\":\"Sur cette page d\u00e9di\u00e9e \u00e0 mes \u00e9motions, je souhaite partager avec vous un aper\u00e7u des profondeurs de mes pens\u00e9es.\",\"breadcrumb\":{\"@id\":\"https:\\\/\\\/lejournaldesandy.fr\\\/?page_id=30#breadcrumb\"},\"inLanguage\":\"fr-FR\",\"potentialAction\":[{\"@type\":\"ReadAction\",\"target\":[\"https:\\\/\\\/lejournaldesandy.fr\\\/?page_id=30\"]}]},{\"@type\":\"ImageObject\",\"inLanguage\":\"fr-FR\",\"@id\":\"https:\\\/\\\/lejournaldesandy.fr\\\/?page_id=30#primaryimage\",\"url\":\"https:\\\/\\\/i0.wp.com\\\/lejournaldesandy.fr\\\/wp-content\\\/uploads\\\/2024\\\/02\\\/trait-deco1.2.png?fit=593%2C107&ssl=1\",\"contentUrl\":\"https:\\\/\\\/i0.wp.com\\\/lejournaldesandy.fr\\\/wp-content\\\/uploads\\\/2024\\\/02\\\/trait-deco1.2.png?fit=593%2C107&ssl=1\",\"width\":593,\"height\":107},{\"@type\":\"BreadcrumbList\",\"@id\":\"https:\\\/\\\/lejournaldesandy.fr\\\/?page_id=30#breadcrumb\",\"itemListElement\":[{\"@type\":\"ListItem\",\"position\":1,\"name\":\"Accueil\",\"item\":\"https:\\\/\\\/lejournaldesandy.fr\\\/\"},{\"@type\":\"ListItem\",\"position\":2,\"name\":\"Au fil de mes pens\u00e9es\"}]},{\"@type\":\"WebSite\",\"@id\":\"https:\\\/\\\/lejournaldesandy.fr\\\/#website\",\"url\":\"https:\\\/\\\/lejournaldesandy.fr\\\/\",\"name\":\"le journal de Sandy\",\"description\":\"biographie; transition; MtF\",\"publisher\":{\"@id\":\"https:\\\/\\\/lejournaldesandy.fr\\\/#\\\/schema\\\/person\\\/3ac659e98587e504c234a67a929b1c43\"},\"potentialAction\":[{\"@type\":\"SearchAction\",\"target\":{\"@type\":\"EntryPoint\",\"urlTemplate\":\"https:\\\/\\\/lejournaldesandy.fr\\\/?s={search_term_string}\"},\"query-input\":{\"@type\":\"PropertyValueSpecification\",\"valueRequired\":true,\"valueName\":\"search_term_string\"}}],\"inLanguage\":\"fr-FR\"},{\"@type\":[\"Person\",\"Organization\"],\"@id\":\"https:\\\/\\\/lejournaldesandy.fr\\\/#\\\/schema\\\/person\\\/3ac659e98587e504c234a67a929b1c43\",\"name\":\"Sandy\",\"image\":{\"@type\":\"ImageObject\",\"inLanguage\":\"fr-FR\",\"@id\":\"https:\\\/\\\/i0.wp.com\\\/lejournaldesandy.fr\\\/wp-content\\\/uploads\\\/2023\\\/12\\\/cropped-Logo-2048-Copie-Petite-Icone-site.png?fit=512%2C512&ssl=1\",\"url\":\"https:\\\/\\\/i0.wp.com\\\/lejournaldesandy.fr\\\/wp-content\\\/uploads\\\/2023\\\/12\\\/cropped-Logo-2048-Copie-Petite-Icone-site.png?fit=512%2C512&ssl=1\",\"contentUrl\":\"https:\\\/\\\/i0.wp.com\\\/lejournaldesandy.fr\\\/wp-content\\\/uploads\\\/2023\\\/12\\\/cropped-Logo-2048-Copie-Petite-Icone-site.png?fit=512%2C512&ssl=1\",\"width\":512,\"height\":512,\"caption\":\"Sandy\"},\"logo\":{\"@id\":\"https:\\\/\\\/i0.wp.com\\\/lejournaldesandy.fr\\\/wp-content\\\/uploads\\\/2023\\\/12\\\/cropped-Logo-2048-Copie-Petite-Icone-site.png?fit=512%2C512&ssl=1\"},\"sameAs\":[\"http:\\\/\\\/lejournaldesandy.fr\"]}]}<\/script>\n<!-- \/ Yoast SEO plugin. -->","yoast_head_json":{"title":"Au fil de mes pens\u00e9es - le journal de Sandy","description":"Sur cette page d\u00e9di\u00e9e \u00e0 mes \u00e9motions, je souhaite partager avec vous un aper\u00e7u des profondeurs de mes pens\u00e9es.","robots":{"index":"index","follow":"follow","max-snippet":"max-snippet:-1","max-image-preview":"max-image-preview:large","max-video-preview":"max-video-preview:-1"},"canonical":"https:\/\/lejournaldesandy.fr\/?page_id=30","og_locale":"fr_FR","og_type":"article","og_title":"Au fil de mes pens\u00e9es - le journal de Sandy","og_description":"Sur cette page d\u00e9di\u00e9e \u00e0 mes \u00e9motions, je souhaite partager avec vous un aper\u00e7u des profondeurs de mes pens\u00e9es.","og_url":"https:\/\/lejournaldesandy.fr\/?page_id=30","og_site_name":"le journal de Sandy","article_modified_time":"2026-04-06T19:31:58+00:00","og_image":[{"url":"https:\/\/lejournaldesandy.fr\/wp-content\/uploads\/2024\/02\/trait-deco1.2.png","type":"","width":"","height":""}],"twitter_card":"summary_large_image","twitter_misc":{"Dur\u00e9e de lecture estim\u00e9e":"2 minutes"},"schema":{"@context":"https:\/\/schema.org","@graph":[{"@type":"WebPage","@id":"https:\/\/lejournaldesandy.fr\/?page_id=30","url":"https:\/\/lejournaldesandy.fr\/?page_id=30","name":"Au fil de mes pens\u00e9es - le journal de Sandy","isPartOf":{"@id":"https:\/\/lejournaldesandy.fr\/#website"},"primaryImageOfPage":{"@id":"https:\/\/lejournaldesandy.fr\/?page_id=30#primaryimage"},"image":{"@id":"https:\/\/lejournaldesandy.fr\/?page_id=30#primaryimage"},"thumbnailUrl":"https:\/\/lejournaldesandy.fr\/wp-content\/uploads\/2024\/02\/trait-deco1.2.png","datePublished":"2023-11-28T14:58:32+00:00","dateModified":"2026-04-06T19:31:58+00:00","description":"Sur cette page d\u00e9di\u00e9e \u00e0 mes \u00e9motions, je souhaite partager avec vous un aper\u00e7u des profondeurs de mes pens\u00e9es.","breadcrumb":{"@id":"https:\/\/lejournaldesandy.fr\/?page_id=30#breadcrumb"},"inLanguage":"fr-FR","potentialAction":[{"@type":"ReadAction","target":["https:\/\/lejournaldesandy.fr\/?page_id=30"]}]},{"@type":"ImageObject","inLanguage":"fr-FR","@id":"https:\/\/lejournaldesandy.fr\/?page_id=30#primaryimage","url":"https:\/\/i0.wp.com\/lejournaldesandy.fr\/wp-content\/uploads\/2024\/02\/trait-deco1.2.png?fit=593%2C107&ssl=1","contentUrl":"https:\/\/i0.wp.com\/lejournaldesandy.fr\/wp-content\/uploads\/2024\/02\/trait-deco1.2.png?fit=593%2C107&ssl=1","width":593,"height":107},{"@type":"BreadcrumbList","@id":"https:\/\/lejournaldesandy.fr\/?page_id=30#breadcrumb","itemListElement":[{"@type":"ListItem","position":1,"name":"Accueil","item":"https:\/\/lejournaldesandy.fr\/"},{"@type":"ListItem","position":2,"name":"Au fil de mes pens\u00e9es"}]},{"@type":"WebSite","@id":"https:\/\/lejournaldesandy.fr\/#website","url":"https:\/\/lejournaldesandy.fr\/","name":"le journal de Sandy","description":"biographie; transition; MtF","publisher":{"@id":"https:\/\/lejournaldesandy.fr\/#\/schema\/person\/3ac659e98587e504c234a67a929b1c43"},"potentialAction":[{"@type":"SearchAction","target":{"@type":"EntryPoint","urlTemplate":"https:\/\/lejournaldesandy.fr\/?s={search_term_string}"},"query-input":{"@type":"PropertyValueSpecification","valueRequired":true,"valueName":"search_term_string"}}],"inLanguage":"fr-FR"},{"@type":["Person","Organization"],"@id":"https:\/\/lejournaldesandy.fr\/#\/schema\/person\/3ac659e98587e504c234a67a929b1c43","name":"Sandy","image":{"@type":"ImageObject","inLanguage":"fr-FR","@id":"https:\/\/i0.wp.com\/lejournaldesandy.fr\/wp-content\/uploads\/2023\/12\/cropped-Logo-2048-Copie-Petite-Icone-site.png?fit=512%2C512&ssl=1","url":"https:\/\/i0.wp.com\/lejournaldesandy.fr\/wp-content\/uploads\/2023\/12\/cropped-Logo-2048-Copie-Petite-Icone-site.png?fit=512%2C512&ssl=1","contentUrl":"https:\/\/i0.wp.com\/lejournaldesandy.fr\/wp-content\/uploads\/2023\/12\/cropped-Logo-2048-Copie-Petite-Icone-site.png?fit=512%2C512&ssl=1","width":512,"height":512,"caption":"Sandy"},"logo":{"@id":"https:\/\/i0.wp.com\/lejournaldesandy.fr\/wp-content\/uploads\/2023\/12\/cropped-Logo-2048-Copie-Petite-Icone-site.png?fit=512%2C512&ssl=1"},"sameAs":["http:\/\/lejournaldesandy.fr"]}]}},"jetpack_sharing_enabled":true,"jetpack_likes_enabled":true,"_links":{"self":[{"href":"https:\/\/lejournaldesandy.fr\/index.php?rest_route=\/wp\/v2\/pages\/30","targetHints":{"allow":["GET"]}}],"collection":[{"href":"https:\/\/lejournaldesandy.fr\/index.php?rest_route=\/wp\/v2\/pages"}],"about":[{"href":"https:\/\/lejournaldesandy.fr\/index.php?rest_route=\/wp\/v2\/types\/page"}],"author":[{"embeddable":true,"href":"https:\/\/lejournaldesandy.fr\/index.php?rest_route=\/wp\/v2\/users\/1"}],"replies":[{"embeddable":true,"href":"https:\/\/lejournaldesandy.fr\/index.php?rest_route=%2Fwp%2Fv2%2Fcomments&post=30"}],"version-history":[{"count":64,"href":"https:\/\/lejournaldesandy.fr\/index.php?rest_route=\/wp\/v2\/pages\/30\/revisions"}],"predecessor-version":[{"id":3827,"href":"https:\/\/lejournaldesandy.fr\/index.php?rest_route=\/wp\/v2\/pages\/30\/revisions\/3827"}],"wp:attachment":[{"href":"https:\/\/lejournaldesandy.fr\/index.php?rest_route=%2Fwp%2Fv2%2Fmedia&parent=30"}],"curies":[{"name":"wp","href":"https:\/\/api.w.org\/{rel}","templated":true}]}}