{"id":842,"date":"2024-02-11T22:37:02","date_gmt":"2024-02-11T21:37:02","guid":{"rendered":"https:\/\/lejournaldesandy.fr\/?page_id=842"},"modified":"2026-04-09T16:02:29","modified_gmt":"2026-04-09T14:02:29","slug":"hors-sujet","status":"publish","type":"page","link":"https:\/\/lejournaldesandy.fr\/?page_id=842","title":{"rendered":"Mes Articles&#8230;"},"content":{"rendered":"\n<div style=\"height:100px\" aria-hidden=\"true\" class=\"wp-block-spacer\"><\/div>\n\n\n\n<div style=\"height:100px\" aria-hidden=\"true\" class=\"wp-block-spacer\"><\/div>\n\n\n\n<div style=\"height:100px\" aria-hidden=\"true\" class=\"wp-block-spacer\"><\/div>\n\n\n\n<div class=\"wp-block-query is-layout-flow wp-block-query-is-layout-flow\"><ul class=\"wp-block-post-template is-layout-flow wp-block-post-template-is-layout-flow\"><li class=\"wp-block-post post-4886 post type-post status-publish format-standard has-post-thumbnail hentry category-articles\">\n<h2 class=\"wp-block-post-title\">le paradoxe familial des personnes LGBT+<\/h2>\n\n<div class=\"wp-block-post-excerpt\"><p class=\"wp-block-post-excerpt__excerpt\">Les violences en milieu familial envers les personnes LGBT+ restent une r\u00e9alit\u00e9 souvent invisible, mais profond\u00e9ment ancr\u00e9e dans de nombreuses soci\u00e9t\u00e9s. Derri\u00e8re les portes closes, ces agressions prennent des formes vari\u00e9es : rejet, insultes, pressions psychologiques, voire violences physiques. Elles surviennent fr\u00e9quemment au moment du coming out, lorsque l\u2019identit\u00e9 ou l\u2019orientation de la personne entre\u2026 <\/p><\/div>\n<\/li><li class=\"wp-block-post post-4409 post type-post status-publish format-standard has-post-thumbnail hentry category-articles\">\n<h2 class=\"wp-block-post-title\">S\u00e9n\u00e9gal: Nouvelle loi anti-homosexualit\u00e9<\/h2>\n\n<div class=\"wp-block-post-excerpt\"><p class=\"wp-block-post-excerpt__excerpt\">En mars 2026, le S\u00e9n\u00e9gal a adopt\u00e9 une loi renfor\u00e7ant fortement la r\u00e9pression de l\u2019homosexualit\u00e9. Le texte, vot\u00e9 largement par l\u2019Assembl\u00e9e nationale puis promulgu\u00e9 par le pr\u00e9sident Bassirou Diomaye Faye, double les peines encourues : les relations entre personnes de m\u00eame sexe sont d\u00e9sormais punies de 5 \u00e0 10 ans de prison, accompagn\u00e9es d\u2019amendes \u00e9lev\u00e9es.RTL.fr\u2026 <\/p><\/div>\n<\/li><li class=\"wp-block-post post-3592 post type-post status-publish format-standard has-post-thumbnail hentry category-articles\">\n<h2 class=\"wp-block-post-title\">Transidentit\u00e9 : comprendre, accompagner et respecter des parcours de vie uniques<\/h2>\n\n<div class=\"wp-block-post-excerpt\"><p class=\"wp-block-post-excerpt__excerpt\">\u00a0Temp de lecture: 3 minutes La question de la transidentit\u00e9 occupe aujourd\u2019hui une place croissante dans les d\u00e9bats de soci\u00e9t\u00e9 et dans le domaine m\u00e9dical. Elle concerne des personnes dont l\u2019identit\u00e9 de genre ne correspond pas au sexe qui leur a \u00e9t\u00e9 assign\u00e9 \u00e0 la naissance. Bien que repr\u00e9sentant une minorit\u00e9 de la population, ces\u2026 <\/p><\/div>\n<\/li><\/ul>\n\n<nav class=\"wp-block-query-pagination is-layout-flex wp-block-query-pagination-is-layout-flex\" aria-label=\"Pagination\">\n\n\n<div class=\"wp-block-query-pagination-numbers\"><span aria-current=\"page\" class=\"page-numbers current\">1<\/span>\n<a class=\"page-numbers\" href=\"?query-0-page=2&#038;rest_route=%2Fwp%2Fv2%2Fpages%2F842\">2<\/a>\n<a class=\"page-numbers\" href=\"?query-0-page=3&#038;rest_route=%2Fwp%2Fv2%2Fpages%2F842\">3<\/a>\n<span class=\"page-numbers dots\">\u2026<\/span>\n<a class=\"page-numbers\" href=\"?query-0-page=7&#038;rest_route=%2Fwp%2Fv2%2Fpages%2F842\">7<\/a><\/div>\n\n<a href=\"\/index.php?rest_route=%2Fwp%2Fv2%2Fpages%2F842&#038;query-0-page=2\" class=\"wp-block-query-pagination-next\">Page suivante<\/a>\n<\/nav>\n\n<\/div>\n","protected":false},"excerpt":{"rendered":"","protected":false},"author":1,"featured_media":0,"parent":0,"menu_order":16,"comment_status":"closed","ping_status":"closed","template":"","meta":{"_crdt_document":"{\"document\":\"AAAG3rmGwxxwUQggmiIEAgECCkoAEAECCkoAEAECCkoAEAECCgEBShQCAQMMAgECCgEBSgAWAQIKAEpkNgECCgBKEAIBBA4BAgpKABABA3A+AQMMAgECCgEASgCFASgDJwAEACcABAAnACgEJwAoACcABwAoAycAKAAnAIcAKAMnACgAJwCHACgDJwAoACcAhwAoAycAKAMnAAcAKAMnAQcAKAMnACgDJwCHACgDJwAoAScAhwAoAycAKAEnAAcAKAMnAYcAKAMnACgAJwCHACgDJwGHACgDJwEHACgDJwEoASeqEqgRc3RhdGV2ZXJzaW9uZG9jdW1lbnRkYXRlZG9jdW1lbnRzbHVnZG9jdW1lbnRzdGF0dXNkb2N1bWVudHRpdGxlTWVzIEFydGljbGVzLi4uZG9jdW1lbnRjb250ZW50PCEtLSB3cDpzcGFjZXIgLS0+CjxkaXYgc3R5bGU9ImhlaWdodDoxMDBweCIgYXJpYS1oaWRkZW49InRydWUiIGNsYXNzPSJ3cC1ibG9jay1zcGFjZXIiPjwvZGl2Pgo8IS0tIC93cDpzcGFjZXIgLS0+Cgo8IS0tIHdwOnNwYWNlciAtLT4KPGRpdiBzdHlsZT0iaGVpZ2h0OjEwMHB4IiBhcmlhLWhpZGRlbj0idHJ1ZSIgY2xhc3M9IndwLWJsb2NrLXNwYWNlciI+PC9kaXY+CjwhLS0gL3dwOnNwYWNlciAtLT4KCjwhLS0gd3A6c3BhY2VyIC0tPgo8ZGl2IHN0eWxlPSJoZWlnaHQ6MTAwcHgiIGFyaWEtaGlkZGVuPSJ0cnVlIiBjbGFzcz0id3AtYmxvY2stc3BhY2VyIj48L2Rpdj4KPCEtLSAvd3A6c3BhY2VyIC0tPgoKPCEtLSB3cDpxdWVyeSB7InF1ZXJ5SWQiOjAsInF1ZXJ5Ijp7InBlclBhZ2UiOjMsInBhZ2VzIjowLCJvZmZzZXQiOjAsInBvc3RUeXBlIjoicG9zdCIsIm9yZGVyIjoiZGVzYyIsIm9yZGVyQnkiOiJkYXRlIiwiYXV0aG9yIjoiIiwic2VhcmNoIjoiIiwiZXhjbHVkZSI6W10sInN0aWNreSI6IiIsImluaGVyaXQiOmZhbHNlfX0gLS0+CjxkaXYgY2xhc3M9IndwLWJsb2NrLXF1ZXJ5Ij48IS0tIHdwOnBvc3QtdGVtcGxhdGUgLS0+CjwhLS0gd3A6cG9zdC10aXRsZSAvLS0+Cgo8IS0tIHdwOnBvc3QtZXhjZXJwdCAvLS0+CjwhLS0gL3dwOnBvc3QtdGVtcGxhdGUgLS0+Cgo8IS0tIHdwOnF1ZXJ5LXBhZ2luYXRpb24gLS0+CjwhLS0gd3A6cXVlcnktcGFnaW5hdGlvbi1wcmV2aW91cyAvLS0+Cgo8IS0tIHdwOnF1ZXJ5LXBhZ2luYXRpb24tbnVtYmVycyAvLS0+Cgo8IS0tIHdwOnF1ZXJ5LXBhZ2luYXRpb24tbmV4dCAvLS0+CjwhLS0gL3dwOnF1ZXJ5LXBhZ2luYXRpb24gLS0+Cgo8IS0tIHdwOnF1ZXJ5LW5vLXJlc3VsdHMgLS0+CjwhLS0gd3A6cGFyYWdyYXBoIHsicGxhY2Vob2xkZXIiOiJBam91dGVyIHVuIHRleHRlIG91IGRlcyBibG9jcyBxdWkgc+KAmWFmZmljaGVyb250IGxvcnNxdeKAmXVuZSByZXF1w6p0ZSBuZSByZW52ZXJyYSBhdWN1biByw6lzdWx0YXQuIn0gLS0+CjxwPjwvcD4KPCEtLSAvd3A6cGFyYWdyYXBoIC0tPgo8IS0tIC93cDpxdWVyeS1uby1yZXN1bHRzIC0tPjwvZGl2Pgo8IS0tIC93cDpxdWVyeSAtLT5kb2N1bWVudGV4Y2VycHRkb2N1bWVudGF1dGhvcmRvY3VtZW50ZmVhdHVyZWRfbWVkaWFkb2N1bWVudGNvbW1lbnRfc3RhdHVzZG9jdW1lbnRwaW5nX3N0YXR1c2RvY3VtZW50dGVtcGxhdGVkb2N1bWVudG1ldGFmb290bm90ZXNkb2N1bWVudGJsb2Nrc2NsaWVudElkaXNWYWxpZG9yaWdpbmFsQ29udGVudG5hbWVhdHRyaWJ1dGVzaGVpZ2h0aW5uZXJCbG9ja3NjbGllbnRJZGlzVmFsaWRvcmlnaW5hbENvbnRlbnRuYW1lYXR0cmlidXRlc2hlaWdodGlubmVyQmxvY2tzY2xpZW50SWRpc1ZhbGlkb3JpZ2luYWxDb250ZW50bmFtZWF0dHJpYnV0ZXNoZWlnaHRpbm5lckJsb2Nrc2NsaWVudElkaXNWYWxpZG9yaWdpbmFsQ29udGVudG5hbWVhdHRyaWJ1dGVzcXVlcnlJZHF1ZXJ5dGFnTmFtZWVuaGFuY2VkUGFnaW5hdGlvbmlubmVyQmxvY2tzY2xpZW50SWRpc1ZhbGlkb3JpZ2luYWxDb250ZW50bmFtZWF0dHJpYnV0ZXNpbm5lckJsb2Nrc2NsaWVudElkaXNWYWxpZG9yaWdpbmFsQ29udGVudG5hbWVhdHRyaWJ1dGVzbGV2ZWxpc0xpbmtyZWxsaW5rVGFyZ2V0aW5uZXJCbG9ja3NjbGllbnRJZGlzVmFsaWRvcmlnaW5hbENvbnRlbnRuYW1lYXR0cmlidXRlc3Nob3dNb3JlT25OZXdMaW5lZXhjZXJwdExlbmd0aGlubmVyQmxvY2tzY2xpZW50SWRpc1ZhbGlkb3JpZ2luYWxDb250ZW50bmFtZWF0dHJpYnV0ZXNwYWdpbmF0aW9uQXJyb3dzaG93TGFiZWxpbm5lckJsb2Nrc2NsaWVudElkaXNWYWxpZG9yaWdpbmFsQ29udGVudG5hbWVhdHRyaWJ1dGVzaW5uZXJCbG9ja3NjbGllbnRJZGlzVmFsaWRvcmlnaW5hbENvbnRlbnRuYW1lYXR0cmlidXRlc21pZFNpemVpbm5lckJsb2Nrc2NsaWVudElkaXNWYWxpZG9yaWdpbmFsQ29udGVudG5hbWVhdHRyaWJ1dGVzaW5uZXJCbG9ja3NjbGllbnRJZGlzVmFsaWRvcmlnaW5hbENvbnRlbnRuYW1lYXR0cmlidXRlc2lubmVyQmxvY2tzY2xpZW50SWRpc1ZhbGlkb3JpZ2luYWxDb250ZW50bmFtZWF0dHJpYnV0ZXNjb250ZW50ZHJvcENhcHBsYWNlaG9sZGVyaW5uZXJCbG9ja3MFBwgECAQIBggFDwgHhhEIBwgGCA4IDggLSAEECQgGCAcPBAoGCwgHDwQKBgsIBw8ECgYLCAcPBAoHBQcSCwgHDwQKCwgHDwQKBQYDCgsIBw8EChENCwgHDwQKDwkLCAcPBAoLCAcPBAoHCwgHDwQKCwgHDwQKCwgHDwQKRwBLAA8BBAAAAQAAAAEGAAABAAAsQgEBAEEAAEEAAEEAAEEAAEEAAEEAAEEAAEEAAEEAAEEAAEEAAEEAAEEAAgACQU4BfwB9AXcTMjAyNC0wMi0xMVQyMjozNzowMncKaG9ycy1zdWpldHcHcHVibGlzaH0BfQB3BmNsb3NlZHcGY2xvc2VkdwB3AHckMDU3Nzg0OTYtNzU5ZS00ODgzLTgxMDItZGZjYmJlNDc0MDAweHdLPGRpdiBzdHlsZT0iaGVpZ2h0OjEwMHB4IiBhcmlhLWhpZGRlbj0idHJ1ZSIgY2xhc3M9IndwLWJsb2NrLXNwYWNlciI+PC9kaXY+dwtjb3JlL3NwYWNlcncFMTAwcHh3JDg1NjI4NmE0LTUzMTktNDNmZS1iZTkzLTFlZTkyZTI0NjhjMXh3SzxkaXYgc3R5bGU9ImhlaWdodDoxMDBweCIgYXJpYS1oaWRkZW49InRydWUiIGNsYXNzPSJ3cC1ibG9jay1zcGFjZXIiPjwvZGl2PncLY29yZS9zcGFjZXJ3BTEwMHB4dyQ4YTBiYzVmMi1jN2RjLTQwMDMtODg4My03ZDk0ZTVmYjUyNDN4d0s8ZGl2IHN0eWxlPSJoZWlnaHQ6MTAwcHgiIGFyaWEtaGlkZGVuPSJ0cnVlIiBjbGFzcz0id3AtYmxvY2stc3BhY2VyIj48L2Rpdj53C2NvcmUvc3BhY2VydwUxMDBweHckZmZkNjJhMDQtMTc5NS00MmZhLWE3NzQtMDA3OGNiYWRkMDNjeHcmPGRpdiBjbGFzcz0id3AtYmxvY2stcXVlcnkiPgoKCgo8L2Rpdj53CmNvcmUvcXVlcnl9AHYLB3BlclBhZ2V9AwVwYWdlc30ABm9mZnNldH0ACHBvc3RUeXBldwRwb3N0BW9yZGVydwRkZXNjB29yZGVyQnl3BGRhdGUGYXV0aG9ydwAGc2VhcmNodwAHZXhjbHVkZXUABnN0aWNreXcAB2luaGVyaXR5dwNkaXZ5dyQzMjJmMzVjZS0xMzYyLTRjM2YtYWQ5ZC05MTQzZWIwMzg5ZWN4dwB3EmNvcmUvcG9zdC10ZW1wbGF0ZXckZmE0MDBmODUtNWVkNS00YWQ5LWI2NGUtMzM3ZTdmODRiNjU2eHcAdw9jb3JlL3Bvc3QtdGl0bGV9Anl3AHcFX3NlbGZ3JDIwNmU4OGNjLTE4ZmUtNDMzMC05ZGFiLTJlMzViNDgxNDQ3YXh3AHcRY29yZS9wb3N0LWV4Y2VycHR4fTd3JDkwM2YzZDFlLTQ0OWEtNDM2Yy1iYzk0LTA1NDlhZTY2ODUyYnh3AHcVY29yZS9xdWVyeS1wYWdpbmF0aW9udwRub25leHckZDliOTZmNzgtODFiOS00MzM1LTk1MDgtYjMxODIwMzc0MWM4eHcAdx5jb3JlL3F1ZXJ5LXBhZ2luYXRpb24tcHJldmlvdXN3JDdhZWZhMGU3LTIyNTgtNDY3Ny04Y2QzLWNiMjQ4ZTIzMjNkY3h3AHcdY29yZS9xdWVyeS1wYWdpbmF0aW9uLW51bWJlcnN9AnckNDMwYzY2M2YtZDQ2Mi00YmNiLTlkNDAtMTZlYTVhNzE3YjJmeHcAdxpjb3JlL3F1ZXJ5LXBhZ2luYXRpb24tbmV4dHckMzlhZmIxY2EtZmQ5NS00NTA5LThhZWMtMjA3MzdlNGE5MDYzeHcAdxVjb3JlL3F1ZXJ5LW5vLXJlc3VsdHN3JGRjMmVmYjk3LTFmNWUtNDg0NC1hZmY3LTMxYjExYjAzZTY0NXh3BzxwPjwvcD53DmNvcmUvcGFyYWdyYXBoeXdkQWpvdXRlciB1biB0ZXh0ZSBvdSBkZXMgYmxvY3MgcXVpIHPigJlhZmZpY2hlcm9udCBsb3JzcXXigJl1bmUgcmVxdcOqdGUgbmUgcmVudmVycmEgYXVjdW4gcsOpc3VsdGF0LgA=\",\"updateId\":491900007}","footnotes":""},"class_list":["post-842","page","type-page","status-publish","hentry"],"yoast_head":"<!-- This site is optimized with the Yoast SEO plugin v27.4 - https:\/\/yoast.com\/product\/yoast-seo-wordpress\/ -->\n<title>Mes Articles... - le journal de Sandy<\/title>\n<meta name=\"robots\" content=\"index, follow, max-snippet:-1, max-image-preview:large, max-video-preview:-1\" \/>\n<link rel=\"canonical\" href=\"https:\/\/lejournaldesandy.fr\/?page_id=842\" \/>\n<link rel=\"next\" href=\"https:\/\/lejournaldesandy.fr\/?page_id=842index.php?rest_route=%2Fwp%2Fv2%2Fpages%2F842&query-0-page=2\" \/>\n<meta property=\"og:locale\" content=\"fr_FR\" \/>\n<meta property=\"og:type\" content=\"article\" \/>\n<meta property=\"og:title\" content=\"Mes Articles... - le journal de Sandy\" \/>\n<meta property=\"og:url\" content=\"https:\/\/lejournaldesandy.fr\/?page_id=842\" \/>\n<meta property=\"og:site_name\" content=\"le journal de Sandy\" \/>\n<meta property=\"article:modified_time\" content=\"2026-04-09T14:02:29+00:00\" \/>\n<meta property=\"og:image\" content=\"https:\/\/i0.wp.com\/lejournaldesandy.fr\/wp-content\/uploads\/2023\/12\/cropped-Logo-2048-Copie-Petite-Icone-site.png?fit=512%2C512&ssl=1\" \/>\n\t<meta property=\"og:image:width\" content=\"512\" \/>\n\t<meta property=\"og:image:height\" content=\"512\" \/>\n\t<meta property=\"og:image:type\" content=\"image\/png\" \/>\n<meta name=\"twitter:card\" content=\"summary_large_image\" \/>\n<script type=\"application\/ld+json\" class=\"yoast-schema-graph\">{\"@context\":\"https:\\\/\\\/schema.org\",\"@graph\":[{\"@type\":[\"WebPage\",\"CollectionPage\"],\"@id\":\"https:\\\/\\\/lejournaldesandy.fr\\\/?page_id=842\",\"url\":\"https:\\\/\\\/lejournaldesandy.fr\\\/?page_id=842\",\"name\":\"Mes Articles... - le journal de Sandy\",\"isPartOf\":{\"@id\":\"https:\\\/\\\/lejournaldesandy.fr\\\/#website\"},\"datePublished\":\"2024-02-11T21:37:02+00:00\",\"dateModified\":\"2026-04-09T14:02:29+00:00\",\"breadcrumb\":{\"@id\":\"https:\\\/\\\/lejournaldesandy.fr\\\/?page_id=842#breadcrumb\"},\"inLanguage\":\"fr-FR\"},{\"@type\":\"BreadcrumbList\",\"@id\":\"https:\\\/\\\/lejournaldesandy.fr\\\/?page_id=842#breadcrumb\",\"itemListElement\":[{\"@type\":\"ListItem\",\"position\":1,\"name\":\"Accueil\",\"item\":\"https:\\\/\\\/lejournaldesandy.fr\\\/\"},{\"@type\":\"ListItem\",\"position\":2,\"name\":\"Mes Articles&#8230;\"}]},{\"@type\":\"WebSite\",\"@id\":\"https:\\\/\\\/lejournaldesandy.fr\\\/#website\",\"url\":\"https:\\\/\\\/lejournaldesandy.fr\\\/\",\"name\":\"le journal de Sandy\",\"description\":\"biographie; transition; MtF\",\"publisher\":{\"@id\":\"https:\\\/\\\/lejournaldesandy.fr\\\/#\\\/schema\\\/person\\\/3ac659e98587e504c234a67a929b1c43\"},\"potentialAction\":[{\"@type\":\"SearchAction\",\"target\":{\"@type\":\"EntryPoint\",\"urlTemplate\":\"https:\\\/\\\/lejournaldesandy.fr\\\/?s={search_term_string}\"},\"query-input\":{\"@type\":\"PropertyValueSpecification\",\"valueRequired\":true,\"valueName\":\"search_term_string\"}}],\"inLanguage\":\"fr-FR\"},{\"@type\":[\"Person\",\"Organization\"],\"@id\":\"https:\\\/\\\/lejournaldesandy.fr\\\/#\\\/schema\\\/person\\\/3ac659e98587e504c234a67a929b1c43\",\"name\":\"Sandy\",\"image\":{\"@type\":\"ImageObject\",\"inLanguage\":\"fr-FR\",\"@id\":\"https:\\\/\\\/i0.wp.com\\\/lejournaldesandy.fr\\\/wp-content\\\/uploads\\\/2023\\\/12\\\/cropped-Logo-2048-Copie-Petite-Icone-site.png?fit=512%2C512&ssl=1\",\"url\":\"https:\\\/\\\/i0.wp.com\\\/lejournaldesandy.fr\\\/wp-content\\\/uploads\\\/2023\\\/12\\\/cropped-Logo-2048-Copie-Petite-Icone-site.png?fit=512%2C512&ssl=1\",\"contentUrl\":\"https:\\\/\\\/i0.wp.com\\\/lejournaldesandy.fr\\\/wp-content\\\/uploads\\\/2023\\\/12\\\/cropped-Logo-2048-Copie-Petite-Icone-site.png?fit=512%2C512&ssl=1\",\"width\":512,\"height\":512,\"caption\":\"Sandy\"},\"logo\":{\"@id\":\"https:\\\/\\\/i0.wp.com\\\/lejournaldesandy.fr\\\/wp-content\\\/uploads\\\/2023\\\/12\\\/cropped-Logo-2048-Copie-Petite-Icone-site.png?fit=512%2C512&ssl=1\"},\"sameAs\":[\"http:\\\/\\\/lejournaldesandy.fr\"]}]}<\/script>\n<!-- \/ Yoast SEO plugin. -->","yoast_head_json":{"title":"Mes Articles... - le journal de Sandy","robots":{"index":"index","follow":"follow","max-snippet":"max-snippet:-1","max-image-preview":"max-image-preview:large","max-video-preview":"max-video-preview:-1"},"canonical":"https:\/\/lejournaldesandy.fr\/?page_id=842","next":"https:\/\/lejournaldesandy.fr\/?page_id=842index.php?rest_route=%2Fwp%2Fv2%2Fpages%2F842&query-0-page=2","og_locale":"fr_FR","og_type":"article","og_title":"Mes Articles... - le journal de Sandy","og_url":"https:\/\/lejournaldesandy.fr\/?page_id=842","og_site_name":"le journal de Sandy","article_modified_time":"2026-04-09T14:02:29+00:00","og_image":[{"width":512,"height":512,"url":"https:\/\/i0.wp.com\/lejournaldesandy.fr\/wp-content\/uploads\/2023\/12\/cropped-Logo-2048-Copie-Petite-Icone-site.png?fit=512%2C512&ssl=1","type":"image\/png"}],"twitter_card":"summary_large_image","schema":{"@context":"https:\/\/schema.org","@graph":[{"@type":["WebPage","CollectionPage"],"@id":"https:\/\/lejournaldesandy.fr\/?page_id=842","url":"https:\/\/lejournaldesandy.fr\/?page_id=842","name":"Mes Articles... - le journal de Sandy","isPartOf":{"@id":"https:\/\/lejournaldesandy.fr\/#website"},"datePublished":"2024-02-11T21:37:02+00:00","dateModified":"2026-04-09T14:02:29+00:00","breadcrumb":{"@id":"https:\/\/lejournaldesandy.fr\/?page_id=842#breadcrumb"},"inLanguage":"fr-FR"},{"@type":"BreadcrumbList","@id":"https:\/\/lejournaldesandy.fr\/?page_id=842#breadcrumb","itemListElement":[{"@type":"ListItem","position":1,"name":"Accueil","item":"https:\/\/lejournaldesandy.fr\/"},{"@type":"ListItem","position":2,"name":"Mes Articles&#8230;"}]},{"@type":"WebSite","@id":"https:\/\/lejournaldesandy.fr\/#website","url":"https:\/\/lejournaldesandy.fr\/","name":"le journal de Sandy","description":"biographie; transition; MtF","publisher":{"@id":"https:\/\/lejournaldesandy.fr\/#\/schema\/person\/3ac659e98587e504c234a67a929b1c43"},"potentialAction":[{"@type":"SearchAction","target":{"@type":"EntryPoint","urlTemplate":"https:\/\/lejournaldesandy.fr\/?s={search_term_string}"},"query-input":{"@type":"PropertyValueSpecification","valueRequired":true,"valueName":"search_term_string"}}],"inLanguage":"fr-FR"},{"@type":["Person","Organization"],"@id":"https:\/\/lejournaldesandy.fr\/#\/schema\/person\/3ac659e98587e504c234a67a929b1c43","name":"Sandy","image":{"@type":"ImageObject","inLanguage":"fr-FR","@id":"https:\/\/i0.wp.com\/lejournaldesandy.fr\/wp-content\/uploads\/2023\/12\/cropped-Logo-2048-Copie-Petite-Icone-site.png?fit=512%2C512&ssl=1","url":"https:\/\/i0.wp.com\/lejournaldesandy.fr\/wp-content\/uploads\/2023\/12\/cropped-Logo-2048-Copie-Petite-Icone-site.png?fit=512%2C512&ssl=1","contentUrl":"https:\/\/i0.wp.com\/lejournaldesandy.fr\/wp-content\/uploads\/2023\/12\/cropped-Logo-2048-Copie-Petite-Icone-site.png?fit=512%2C512&ssl=1","width":512,"height":512,"caption":"Sandy"},"logo":{"@id":"https:\/\/i0.wp.com\/lejournaldesandy.fr\/wp-content\/uploads\/2023\/12\/cropped-Logo-2048-Copie-Petite-Icone-site.png?fit=512%2C512&ssl=1"},"sameAs":["http:\/\/lejournaldesandy.fr"]}]}},"jetpack_sharing_enabled":true,"jetpack_likes_enabled":true,"_links":{"self":[{"href":"https:\/\/lejournaldesandy.fr\/index.php?rest_route=\/wp\/v2\/pages\/842","targetHints":{"allow":["GET"]}}],"collection":[{"href":"https:\/\/lejournaldesandy.fr\/index.php?rest_route=\/wp\/v2\/pages"}],"about":[{"href":"https:\/\/lejournaldesandy.fr\/index.php?rest_route=\/wp\/v2\/types\/page"}],"author":[{"embeddable":true,"href":"https:\/\/lejournaldesandy.fr\/index.php?rest_route=\/wp\/v2\/users\/1"}],"replies":[{"embeddable":true,"href":"https:\/\/lejournaldesandy.fr\/index.php?rest_route=%2Fwp%2Fv2%2Fcomments&post=842"}],"version-history":[{"count":9,"href":"https:\/\/lejournaldesandy.fr\/index.php?rest_route=\/wp\/v2\/pages\/842\/revisions"}],"predecessor-version":[{"id":4148,"href":"https:\/\/lejournaldesandy.fr\/index.php?rest_route=\/wp\/v2\/pages\/842\/revisions\/4148"}],"wp:attachment":[{"href":"https:\/\/lejournaldesandy.fr\/index.php?rest_route=%2Fwp%2Fv2%2Fmedia&parent=842"}],"curies":[{"name":"wp","href":"https:\/\/api.w.org\/{rel}","templated":true}]}}